{"id":18397,"date":"2024-12-09T14:36:46","date_gmt":"2024-12-09T13:36:46","guid":{"rendered":"https:\/\/www.77lubricants.nl\/?page_id=18397"},"modified":"2024-12-17T12:25:43","modified_gmt":"2024-12-17T11:25:43","slug":"77-lubricants-hrdy-podporovatel-nadace-the-lion-foundation","status":"publish","type":"page","link":"https:\/\/www.77lubricants.nl\/cs\/77-lubricants-hrdy-podporovatel-nadace-the-lion-foundation\/","title":{"rendered":"77 Lubricants: Hrd\u00fd podporovatel nadace The Lion Foundation"},"content":{"rendered":"","protected":false},"excerpt":{"rendered":"","protected":false},"author":1,"featured_media":0,"parent":0,"menu_order":3,"comment_status":"closed","ping_status":"closed","template":"","meta":{"_acf_changed":false,"footnotes":""},"class_list":["post-18397","page","type-page","status-publish","hentry"],"acf":[],"yoast_head":"<!-- This site is optimized with the Yoast SEO plugin v27.4 - https:\/\/yoast.com\/product\/yoast-seo-wordpress\/ -->\n<title>77 Lubricants: Hrd\u00fd podporovatel nadace The Lion Foundation &#183; 77 Lubricants<\/title>\n<meta name=\"robots\" content=\"index, follow, max-snippet:-1, max-image-preview:large, max-video-preview:-1\" \/>\n<link rel=\"canonical\" href=\"https:\/\/www.77lubricants.nl\/cs\/77-lubricants-hrdy-podporovatel-nadace-the-lion-foundation\/\" \/>\n<meta property=\"og:locale\" content=\"cs_CZ\" \/>\n<meta property=\"og:type\" content=\"article\" \/>\n<meta property=\"og:title\" content=\"77 Lubricants: Hrd\u00fd podporovatel nadace The Lion Foundation &#183; 77 Lubricants\" \/>\n<meta property=\"og:url\" content=\"https:\/\/www.77lubricants.nl\/cs\/77-lubricants-hrdy-podporovatel-nadace-the-lion-foundation\/\" \/>\n<meta property=\"og:site_name\" content=\"77 Lubricants\" \/>\n<meta property=\"article:publisher\" content=\"https:\/\/www.facebook.com\/77lubricants.nl\/\" \/>\n<meta property=\"article:modified_time\" content=\"2024-12-17T11:25:43+00:00\" \/>\n<meta property=\"og:image\" content=\"https:\/\/www.77lubricants.nl\/wp-content\/uploads\/2024\/04\/Yoast-1200x675-1.jpg\" \/>\n\t<meta property=\"og:image:width\" content=\"1200\" \/>\n\t<meta property=\"og:image:height\" content=\"675\" \/>\n\t<meta property=\"og:image:type\" content=\"image\/jpeg\" \/>\n<meta name=\"twitter:card\" content=\"summary_large_image\" \/>\n<meta name=\"twitter:label1\" content=\"Odhadovan\u00e1 doba \u010dten\u00ed\" \/>\n\t<meta name=\"twitter:data1\" content=\"2 minuty\" \/>\n<script type=\"application\/ld+json\" class=\"yoast-schema-graph\">{\"@context\":\"https:\\\/\\\/schema.org\",\"@graph\":[{\"@type\":\"WebPage\",\"@id\":\"https:\\\/\\\/www.77lubricants.nl\\\/cs\\\/77-lubricants-hrdy-podporovatel-nadace-the-lion-foundation\\\/\",\"url\":\"https:\\\/\\\/www.77lubricants.nl\\\/cs\\\/77-lubricants-hrdy-podporovatel-nadace-the-lion-foundation\\\/\",\"name\":\"77 Lubricants: Hrd\u00fd podporovatel nadace The Lion Foundation &#183; 77 Lubricants\",\"isPartOf\":{\"@id\":\"https:\\\/\\\/www.77lubricants.nl\\\/cs\\\/#website\"},\"datePublished\":\"2024-12-09T13:36:46+00:00\",\"dateModified\":\"2024-12-17T11:25:43+00:00\",\"breadcrumb\":{\"@id\":\"https:\\\/\\\/www.77lubricants.nl\\\/cs\\\/77-lubricants-hrdy-podporovatel-nadace-the-lion-foundation\\\/#breadcrumb\"},\"inLanguage\":\"cs\",\"potentialAction\":[{\"@type\":\"ReadAction\",\"target\":[\"https:\\\/\\\/www.77lubricants.nl\\\/cs\\\/77-lubricants-hrdy-podporovatel-nadace-the-lion-foundation\\\/\"]}]},{\"@type\":\"BreadcrumbList\",\"@id\":\"https:\\\/\\\/www.77lubricants.nl\\\/cs\\\/77-lubricants-hrdy-podporovatel-nadace-the-lion-foundation\\\/#breadcrumb\",\"itemListElement\":[{\"@type\":\"ListItem\",\"position\":1,\"name\":\"Home\",\"item\":\"https:\\\/\\\/www.77lubricants.nl\\\/cs\\\/\"},{\"@type\":\"ListItem\",\"position\":2,\"name\":\"77 Lubricants: Hrd\u00fd podporovatel nadace The Lion Foundation\"}]},{\"@type\":\"WebSite\",\"@id\":\"https:\\\/\\\/www.77lubricants.nl\\\/cs\\\/#website\",\"url\":\"https:\\\/\\\/www.77lubricants.nl\\\/cs\\\/\",\"name\":\"77 Lubricants\",\"description\":\"One of the Largest Independent Lubricating Oil Brands in Europe\",\"publisher\":{\"@id\":\"https:\\\/\\\/www.77lubricants.nl\\\/cs\\\/#organization\"},\"potentialAction\":[{\"@type\":\"SearchAction\",\"target\":{\"@type\":\"EntryPoint\",\"urlTemplate\":\"https:\\\/\\\/www.77lubricants.nl\\\/cs\\\/?s={search_term_string}\"},\"query-input\":{\"@type\":\"PropertyValueSpecification\",\"valueRequired\":true,\"valueName\":\"search_term_string\"}}],\"inLanguage\":\"cs\"},{\"@type\":\"Organization\",\"@id\":\"https:\\\/\\\/www.77lubricants.nl\\\/cs\\\/#organization\",\"name\":\"77 Lubricants\",\"url\":\"https:\\\/\\\/www.77lubricants.nl\\\/cs\\\/\",\"logo\":{\"@type\":\"ImageObject\",\"inLanguage\":\"cs\",\"@id\":\"https:\\\/\\\/www.77lubricants.nl\\\/cs\\\/#\\\/schema\\\/logo\\\/image\\\/\",\"url\":\"https:\\\/\\\/www.77lubricants.nl\\\/wp-content\\\/uploads\\\/2024\\\/04\\\/Yoast-1x1-1.jpg\",\"contentUrl\":\"https:\\\/\\\/www.77lubricants.nl\\\/wp-content\\\/uploads\\\/2024\\\/04\\\/Yoast-1x1-1.jpg\",\"width\":696,\"height\":697,\"caption\":\"77 Lubricants\"},\"image\":{\"@id\":\"https:\\\/\\\/www.77lubricants.nl\\\/cs\\\/#\\\/schema\\\/logo\\\/image\\\/\"},\"sameAs\":[\"https:\\\/\\\/www.facebook.com\\\/77lubricants.nl\\\/\"]}]}<\/script>\n<!-- \/ Yoast SEO plugin. -->","yoast_head_json":{"title":"77 Lubricants: Hrd\u00fd podporovatel nadace The Lion Foundation &#183; 77 Lubricants","robots":{"index":"index","follow":"follow","max-snippet":"max-snippet:-1","max-image-preview":"max-image-preview:large","max-video-preview":"max-video-preview:-1"},"canonical":"https:\/\/www.77lubricants.nl\/cs\/77-lubricants-hrdy-podporovatel-nadace-the-lion-foundation\/","og_locale":"cs_CZ","og_type":"article","og_title":"77 Lubricants: Hrd\u00fd podporovatel nadace The Lion Foundation &#183; 77 Lubricants","og_url":"https:\/\/www.77lubricants.nl\/cs\/77-lubricants-hrdy-podporovatel-nadace-the-lion-foundation\/","og_site_name":"77 Lubricants","article_publisher":"https:\/\/www.facebook.com\/77lubricants.nl\/","article_modified_time":"2024-12-17T11:25:43+00:00","og_image":[{"width":1200,"height":675,"url":"https:\/\/www.77lubricants.nl\/wp-content\/uploads\/2024\/04\/Yoast-1200x675-1.jpg","type":"image\/jpeg"}],"twitter_card":"summary_large_image","twitter_misc":{"Odhadovan\u00e1 doba \u010dten\u00ed":"2 minuty"},"schema":{"@context":"https:\/\/schema.org","@graph":[{"@type":"WebPage","@id":"https:\/\/www.77lubricants.nl\/cs\/77-lubricants-hrdy-podporovatel-nadace-the-lion-foundation\/","url":"https:\/\/www.77lubricants.nl\/cs\/77-lubricants-hrdy-podporovatel-nadace-the-lion-foundation\/","name":"77 Lubricants: Hrd\u00fd podporovatel nadace The Lion Foundation &#183; 77 Lubricants","isPartOf":{"@id":"https:\/\/www.77lubricants.nl\/cs\/#website"},"datePublished":"2024-12-09T13:36:46+00:00","dateModified":"2024-12-17T11:25:43+00:00","breadcrumb":{"@id":"https:\/\/www.77lubricants.nl\/cs\/77-lubricants-hrdy-podporovatel-nadace-the-lion-foundation\/#breadcrumb"},"inLanguage":"cs","potentialAction":[{"@type":"ReadAction","target":["https:\/\/www.77lubricants.nl\/cs\/77-lubricants-hrdy-podporovatel-nadace-the-lion-foundation\/"]}]},{"@type":"BreadcrumbList","@id":"https:\/\/www.77lubricants.nl\/cs\/77-lubricants-hrdy-podporovatel-nadace-the-lion-foundation\/#breadcrumb","itemListElement":[{"@type":"ListItem","position":1,"name":"Home","item":"https:\/\/www.77lubricants.nl\/cs\/"},{"@type":"ListItem","position":2,"name":"77 Lubricants: Hrd\u00fd podporovatel nadace The Lion Foundation"}]},{"@type":"WebSite","@id":"https:\/\/www.77lubricants.nl\/cs\/#website","url":"https:\/\/www.77lubricants.nl\/cs\/","name":"77 Lubricants","description":"One of the Largest Independent Lubricating Oil Brands in Europe","publisher":{"@id":"https:\/\/www.77lubricants.nl\/cs\/#organization"},"potentialAction":[{"@type":"SearchAction","target":{"@type":"EntryPoint","urlTemplate":"https:\/\/www.77lubricants.nl\/cs\/?s={search_term_string}"},"query-input":{"@type":"PropertyValueSpecification","valueRequired":true,"valueName":"search_term_string"}}],"inLanguage":"cs"},{"@type":"Organization","@id":"https:\/\/www.77lubricants.nl\/cs\/#organization","name":"77 Lubricants","url":"https:\/\/www.77lubricants.nl\/cs\/","logo":{"@type":"ImageObject","inLanguage":"cs","@id":"https:\/\/www.77lubricants.nl\/cs\/#\/schema\/logo\/image\/","url":"https:\/\/www.77lubricants.nl\/wp-content\/uploads\/2024\/04\/Yoast-1x1-1.jpg","contentUrl":"https:\/\/www.77lubricants.nl\/wp-content\/uploads\/2024\/04\/Yoast-1x1-1.jpg","width":696,"height":697,"caption":"77 Lubricants"},"image":{"@id":"https:\/\/www.77lubricants.nl\/cs\/#\/schema\/logo\/image\/"},"sameAs":["https:\/\/www.facebook.com\/77lubricants.nl\/"]}]}},"_links":{"self":[{"href":"https:\/\/www.77lubricants.nl\/cs\/wp-json\/wp\/v2\/pages\/18397","targetHints":{"allow":["GET"]}}],"collection":[{"href":"https:\/\/www.77lubricants.nl\/cs\/wp-json\/wp\/v2\/pages"}],"about":[{"href":"https:\/\/www.77lubricants.nl\/cs\/wp-json\/wp\/v2\/types\/page"}],"author":[{"embeddable":true,"href":"https:\/\/www.77lubricants.nl\/cs\/wp-json\/wp\/v2\/users\/1"}],"replies":[{"embeddable":true,"href":"https:\/\/www.77lubricants.nl\/cs\/wp-json\/wp\/v2\/comments?post=18397"}],"version-history":[{"count":2,"href":"https:\/\/www.77lubricants.nl\/cs\/wp-json\/wp\/v2\/pages\/18397\/revisions"}],"predecessor-version":[{"id":18415,"href":"https:\/\/www.77lubricants.nl\/cs\/wp-json\/wp\/v2\/pages\/18397\/revisions\/18415"}],"wp:attachment":[{"href":"https:\/\/www.77lubricants.nl\/cs\/wp-json\/wp\/v2\/media?parent=18397"}],"curies":[{"name":"wp","href":"https:\/\/api.w.org\/{rel}","templated":true}]}}